{"id":2436,"date":"2025-04-17T14:19:57","date_gmt":"2025-04-17T12:19:57","guid":{"rendered":"https:\/\/aulaonline.uma.es\/?page_id=2436"},"modified":"2025-05-20T00:31:33","modified_gmt":"2025-05-19T22:31:33","slug":"interdisciplinar","status":"publish","type":"page","link":"https:\/\/inntech.uma.es\/aulaonline\/interdisciplinar\/","title":{"rendered":"Interdisciplinar"},"content":{"rendered":"\t\t<div data-elementor-type=\"wp-page\" data-elementor-id=\"2436\" class=\"elementor elementor-2436\">\n\t\t\t\t<div class=\"elementor-element elementor-element-8d5528e thegem-e-con-layout-thegem e-flex e-con-boxed e-con e-parent\" data-id=\"8d5528e\" data-element_type=\"container\" data-e-type=\"container\" data-settings=\"{&quot;thegem_container_layout&quot;:&quot;thegem&quot;}\">\r\n\t\t\t\t\t<div class=\"e-con-inner\">\r\n\t\t\t\t<div class=\"elementor-element elementor-element-ebc1fce flex-horizontal-align-default flex-horizontal-align-tablet-default flex-horizontal-align-mobile-default flex-vertical-align-default flex-vertical-align-tablet-default flex-vertical-align-mobile-default elementor-widget elementor-widget-thegem-animated-heading\" data-id=\"ebc1fce\" data-element_type=\"widget\" data-e-type=\"widget\" data-widget_type=\"thegem-animated-heading.default\">\n\t\t\t\t<div class=\"elementor-widget-container\">\n\t\t\t\t\t<h2 class=\"thegem-heading thegem-animated-heading title-h2 thegem-heading-animate lines-slide-up\" id=\"thegem-heading-ebc1fce\" data-animation-name=\"lines-slide-up\" data-animation-interval=\"80\"><span class=\"light thegem-heading-word\">Interdisciplinar<\/span><\/h2><style type=\"text\/css\">#thegem-heading-ebc1fce {margin: 0;}<\/style>\t\t\t\t<\/div>\n\t\t\t\t<\/div>\n\t\t\t\t\t<\/div>\n\t\t\t\t<\/div>\n\t\t<div class=\"elementor-element elementor-element-967d96e thegem-e-con-layout-thegem e-flex e-con-boxed e-con e-parent\" data-id=\"967d96e\" data-element_type=\"container\" data-e-type=\"container\" data-settings=\"{&quot;thegem_container_layout&quot;:&quot;thegem&quot;}\">\r\n\t\t\t\t\t<div class=\"e-con-inner\">\r\n\t\t\t\t<div class=\"elementor-element elementor-element-58fa36b elementor-widget-divider--view-line flex-horizontal-align-default flex-horizontal-align-tablet-default flex-horizontal-align-mobile-default flex-vertical-align-default flex-vertical-align-tablet-default flex-vertical-align-mobile-default elementor-widget elementor-widget-divider\" data-id=\"58fa36b\" data-element_type=\"widget\" data-e-type=\"widget\" data-widget_type=\"divider.default\">\n\t\t\t\t<div class=\"elementor-widget-container\">\n\t\t\t\t\t\t\t<div class=\"elementor-divider\">\n\t\t\t<span class=\"elementor-divider-separator\">\n\t\t\t\t\t\t<\/span>\n\t\t<\/div>\n\t\t\t\t\t\t<\/div>\n\t\t\t\t<\/div>\n\t\t\t\t\t<\/div>\n\t\t\t\t<\/div>\n\t\t<div class=\"elementor-element elementor-element-73efa60 thegem-e-con-layout-thegem e-flex e-con-boxed e-con e-parent\" data-id=\"73efa60\" data-element_type=\"container\" data-e-type=\"container\" data-settings=\"{&quot;thegem_container_layout&quot;:&quot;thegem&quot;}\">\r\n\t\t\t\t\t<div class=\"e-con-inner\">\r\n\t\t\t\t<div class=\"elementor-element elementor-element-02c7b59 flex-horizontal-align-default flex-horizontal-align-tablet-default flex-horizontal-align-mobile-default flex-vertical-align-default flex-vertical-align-tablet-default flex-vertical-align-mobile-default elementor-widget elementor-widget-heading\" data-id=\"02c7b59\" data-element_type=\"widget\" data-e-type=\"widget\" data-widget_type=\"heading.default\">\n\t\t\t\t<div class=\"elementor-widget-container\">\n\t\t\t\t\t<h2 class=\"elementor-heading-title elementor-size-default\">INSCRIPCI\u00d3N ABIERTA<\/h2>\t\t\t\t<\/div>\n\t\t\t\t<\/div>\n\t\t\t\t\t<\/div>\n\t\t\t\t<\/div>\n\t\t\t\t<section class=\"elementor-section elementor-top-section elementor-element elementor-element-2268c922 elementor-section-boxed elementor-section-height-default elementor-section-height-default\" data-id=\"2268c922\" data-element_type=\"section\" data-e-type=\"section\" data-settings=\"{&quot;background_background&quot;:&quot;classic&quot;}\">\r\n\t\t\t\t\t\t<div class=\"elementor-container elementor-column-gap-thegem\"><div class=\"elementor-row\">\r\n\t\t\t\t\t<div class=\"elementor-column elementor-col-100 elementor-top-column elementor-element elementor-element-2271f01d\" data-id=\"2271f01d\" data-element_type=\"column\" data-e-type=\"column\">\n\t\t\t<div class=\"elementor-widget-wrap elementor-element-populated\">\n\t\t\t\t\t\t\t<\/div>\n\t\t<\/div>\n\t\t\t\t\t<\/div><\/div>\r\n\t\t<\/section>\r\n\t\t<div class=\"elementor-element elementor-element-ed9994d thegem-e-con-layout-thegem e-flex e-con-boxed e-con e-parent\" data-id=\"ed9994d\" data-element_type=\"container\" data-e-type=\"container\" data-settings=\"{&quot;thegem_container_layout&quot;:&quot;thegem&quot;}\">\r\n\t\t\t\t\t<div class=\"e-con-inner\">\r\n\t\t\t\t<div class=\"elementor-element elementor-element-ba593b7 elementor-widget-divider--view-line flex-horizontal-align-default flex-horizontal-align-tablet-default flex-horizontal-align-mobile-default flex-vertical-align-default flex-vertical-align-tablet-default flex-vertical-align-mobile-default elementor-widget elementor-widget-divider\" data-id=\"ba593b7\" data-element_type=\"widget\" data-e-type=\"widget\" data-widget_type=\"divider.default\">\n\t\t\t\t<div class=\"elementor-widget-container\">\n\t\t\t\t\t\t\t<div class=\"elementor-divider\">\n\t\t\t<span class=\"elementor-divider-separator\">\n\t\t\t\t\t\t<\/span>\n\t\t<\/div>\n\t\t\t\t\t\t<\/div>\n\t\t\t\t<\/div>\n\t\t\t\t\t<\/div>\n\t\t\t\t<\/div>\n\t\t<div class=\"elementor-element elementor-element-7596896 elementor-hidden-desktop elementor-hidden-tablet elementor-hidden-mobile thegem-e-con-layout-thegem e-flex e-con-boxed e-con e-parent\" data-id=\"7596896\" data-element_type=\"container\" data-e-type=\"container\" data-settings=\"{&quot;thegem_container_layout&quot;:&quot;thegem&quot;}\">\r\n\t\t\t\t\t<div class=\"e-con-inner\">\r\n\t\t\t\t<div class=\"elementor-element elementor-element-a000fa7 flex-horizontal-align-default flex-horizontal-align-tablet-default flex-horizontal-align-mobile-default flex-vertical-align-default flex-vertical-align-tablet-default flex-vertical-align-mobile-default elementor-widget elementor-widget-heading\" data-id=\"a000fa7\" data-element_type=\"widget\" data-e-type=\"widget\" data-widget_type=\"heading.default\">\n\t\t\t\t<div class=\"elementor-widget-container\">\n\t\t\t\t\t<h2 class=\"elementor-heading-title elementor-size-default\">INSCRIPCI\u00d3N CERRADA<\/h2>\t\t\t\t<\/div>\n\t\t\t\t<\/div>\n\t\t\t\t\t<\/div>\n\t\t\t\t<\/div>\n\t\t\t\t<section class=\"elementor-section elementor-top-section elementor-element elementor-element-49ade3a elementor-hidden-desktop elementor-hidden-tablet elementor-hidden-mobile elementor-section-boxed elementor-section-height-default elementor-section-height-default\" data-id=\"49ade3a\" data-element_type=\"section\" data-e-type=\"section\" data-settings=\"{&quot;background_background&quot;:&quot;classic&quot;}\">\r\n\t\t\t\t\t\t<div class=\"elementor-container elementor-column-gap-thegem\"><div class=\"elementor-row\">\r\n\t\t\t\t\t<div class=\"elementor-column elementor-col-100 elementor-top-column elementor-element elementor-element-ce4a9a3\" data-id=\"ce4a9a3\" data-element_type=\"column\" data-e-type=\"column\">\n\t\t\t<div class=\"elementor-widget-wrap elementor-element-populated\">\n\t\t\t\t\t\t<div class=\"elementor-element elementor-element-5ecb601 flex-horizontal-align-default flex-horizontal-align-tablet-default flex-horizontal-align-mobile-default flex-vertical-align-default flex-vertical-align-tablet-default flex-vertical-align-mobile-default elementor-widget elementor-widget-thegem-extended-blog-grid\" data-id=\"5ecb601\" data-element_type=\"widget\" data-e-type=\"widget\" data-settings=\"{&quot;thegem_elementor_preset&quot;:&quot;new&quot;,&quot;categories&quot;:[&quot;interdisciplinarcerrado&quot;],&quot;items_per_page&quot;:50,&quot;loading_animation&quot;:&quot;yes&quot;,&quot;animation_effect&quot;:&quot;move-up&quot;,&quot;image_hover_effect&quot;:&quot;circular&quot;,&quot;filters_text_labels_clear_text&quot;:&quot;Clear Filters&quot;,&quot;not_found_text&quot;:&quot;No items were found matching your selection&quot;,&quot;sorting_extended_text&quot;:&quot;Default sorting&quot;,&quot;sorting_extended_dropdown_title_text&quot;:&quot;Sort by title (A-Z)&quot;,&quot;sorting_extended_dropdown_title_desc_text&quot;:&quot;Sort by title (Z-A)&quot;,&quot;sorting_extended_dropdown_latest_text&quot;:&quot;Sort by latest&quot;,&quot;sorting_extended_dropdown_oldest_text&quot;:&quot;Sort by oldest&quot;,&quot;portfolio_uid&quot;:&quot;5b2d37ae&quot;,&quot;image_size&quot;:&quot;medium&quot;,&quot;blog_title_preset&quot;:&quot;title-h5&quot;,&quot;readmore_button_type&quot;:&quot;flat&quot;,&quot;readmore_button_size&quot;:&quot;small&quot;,&quot;order_by&quot;:&quot;title&quot;,&quot;order&quot;:&quot;asc&quot;,&quot;skin_source&quot;:&quot;default&quot;,&quot;layout&quot;:&quot;justified&quot;,&quot;columns&quot;:&quot;3x&quot;,&quot;columns_tablet&quot;:&quot;2x&quot;,&quot;columns_mobile&quot;:&quot;1x&quot;,&quot;query_type&quot;:&quot;post&quot;,&quot;source&quot;:[&quot;categories&quot;],&quot;exclude_blog_posts_type&quot;:&quot;manual&quot;,&quot;caption_position&quot;:&quot;page&quot;,&quot;blog_show_featured_image&quot;:&quot;yes&quot;,&quot;blog_show_title&quot;:&quot;yes&quot;,&quot;blog_show_description&quot;:&quot;yes&quot;,&quot;filter_type&quot;:&quot;default&quot;,&quot;filter_style&quot;:&quot;buttons&quot;,&quot;search_by&quot;:&quot;content&quot;,&quot;show_pagination&quot;:&quot;yes&quot;,&quot;pagination_type&quot;:&quot;normal&quot;,&quot;next_page_preloading&quot;:&quot;yes&quot;,&quot;ignore_sticky_posts&quot;:&quot;yes&quot;,&quot;ajax_preloader_type&quot;:&quot;default&quot;,&quot;image_gaps&quot;:{&quot;unit&quot;:&quot;px&quot;,&quot;size&quot;:42,&quot;sizes&quot;:[]},&quot;image_gaps_tablet&quot;:{&quot;unit&quot;:&quot;px&quot;,&quot;size&quot;:&quot;&quot;,&quot;sizes&quot;:[]},&quot;image_gaps_mobile&quot;:{&quot;unit&quot;:&quot;px&quot;,&quot;size&quot;:&quot;&quot;,&quot;sizes&quot;:[]},&quot;icon_hover_show&quot;:&quot;yes&quot;,&quot;icon_hover_icon&quot;:{&quot;value&quot;:&quot;&quot;,&quot;library&quot;:&quot;&quot;},&quot;title_tag&quot;:&quot;div&quot;,&quot;blog_description_preset&quot;:&quot;default&quot;,&quot;caption_container_preset&quot;:&quot;transparent&quot;,&quot;pagination_arrows_left_icon&quot;:{&quot;value&quot;:&quot;&quot;,&quot;library&quot;:&quot;&quot;},&quot;pagination_arrows_right_icon&quot;:{&quot;value&quot;:&quot;&quot;,&quot;library&quot;:&quot;&quot;}}\" data-widget_type=\"thegem-extended-blog-grid.default\">\n\t\t\t\t<div class=\"elementor-widget-container\">\n\t\t\t\t\t<div class=\"preloader save-space\"><div class=\"preloader-spin\"><\/div><\/div>\t\t\t<div class=\"portfolio-preloader-wrapper\">\n\n\t\t\t\t\n\t\t\t\t<div class=\"portfolio portfolio-grid extended-portfolio-grid news-grid no-padding portfolio-pagination-normal portfolio-style-justified background-style-transparent hover-new-circular title-on-page caption-position-page version-new  loading-animation item-animation-move-up      columns-tablet-2 columns-mobile-1 hover-new-circular   columns-3  next-page-preloading        full-image   \" id=\"style-5ecb601\" data-style-uid=\"5ecb601\" data-portfolio-uid=\"5b2d37ae\" data-current-page=\"1\" data-per-page=\"50\" data-next-page=\"0\" data-pages-count=\"1\" data-hover=\"new-circular\" data-portfolio-filter=\"[]\" data-portfolio-filter-attributes=\"null\" data-portfolio-filter-status=\"null\" data-portfolio-filter-price=\"null\" data-portfolio-filter-search=\"\">\n\t\t\t\t\t\n\t\t\t\t\t<div class=\"portfolio-row-outer \">\n\n\t\t\t\t\t\t\t\t\t\t\t\t\t\t\t\t\t\t\t\t\t\t\t<div class=\"portfolio-top-panel selected-only\">\n\t\t\t\t\t\t\t\t\t\t<div class=\"portfolio-filter-item portfolio-selected-filters  \">\n\t<div class=\"portfolio-selected-filter-item clear-filters\">\n\t\tClear Filters\t<\/div>\n\t<\/div>\t\t\t\t\t\t\t\t\t<\/div>\n\t\t\t\t\t\t\t\t\n\t\t\t\t\t\t\t\t<div class=\"row portfolio-row\">\n\t\t\t\t\t\t\t\t\t<div class=\"portfolio-set clearfix\"\n\t\t\t\t\t\t\t\t\t\t data-max-row-height=\"\">\n\t\t\t\t\t\t\t\t\t\t\t<div class=\"portfolio-item ingenieriacerrado interdisciplinarcerrado col-xs-12 col-sm-6 col-md-4 item-animations-not-inited before-start post-hide-categories post-hide-date post-has-author appearance-type- post-2607 post type-post status-publish format-standard has-post-thumbnail category-ingenieriacerrado category-interdisciplinarcerrado\" style=\"padding: calc(42px\/2)\" data-default-sort=\"0\" data-sort-date=\"1744975393\">\r\n\t\t\t\t\t\r\n\t\t\t<div class=\"wrap clearfix\">\r\n\t\t\t\t\t\t\t\t\t\t\t\t\t<div class=\"image post-2607 post type-post status-publish format-standard has-post-thumbnail category-ingenieriacerrado category-interdisciplinarcerrado\">\r\n\t\t\t\t\t\t<div class=\"image-inner \">\r\n\r\n\t\t\t\t\t\t\t<div class=\"post-featured-content\"><a href=\"https:\/\/inntech.uma.es\/aulaonline\/ciencias-cognitivas\/\">\t\t<picture>\n\t\t\t\t\t\t<img src=\"https:\/\/inntech.uma.es\/aulaonline\/wp-content\/uploads\/2025\/04\/CienciaCognitiva-300x172.png\" width=\"300\" height=\"172\"  class=\"img-responsive\" alt=\"CienciaCognitiva\" \/>\n\t\t<\/picture>\n\t\t<\/a><\/div>\t\t\t\t\t\t<\/div>\r\n\r\n\t\t\t\t\t\t\t\t\t\t\t\t\t<div class=\"overlay\">\r\n\t\t\t\t\t\t\t\t<div class=\"overlay-circle\"><\/div>\r\n\r\n\t\t\t\t\t\t\t\t<div class=\"links-wrapper\">\r\n\t\t\t\t\t\t\t\t\t<div class=\"links\">\r\n\t\t\t\t\t\t\t\t\t\t<div class=\"caption\">\r\n\t\t\t\t\t\t\t\t\t\t\t<a href=\"https:\/\/inntech.uma.es\/aulaonline\/ciencias-cognitivas\/\" class=\"portfolio-item-link\">\r\n\t\t\t\t\t\t\t\t\t\t\t\t<span class=\"screen-reader-text\">Ciencias Cognitivas<\/span>\r\n\t\t\t\t\t\t\t\t\t\t\t<\/a>\r\n\r\n\t\t\t\t\t\t\t\t\t\t\t\t\t\t\t\t\t\t\t\t\t\t\t\t\t\t\t\t\t\t\t\t\t\t\t\t\t<div class=\"portfolio-icons\">\r\n\t\t\t\t\t\t\t\t\t\t\t\t\t\t\t<a href=\"javascript: void(0);\" class=\"icon self-link\" aria-label=\"Ciencias Cognitivas\">\r\n\t\t\t\t\t\t\t\t\t\t\t\t\t\t\t\t\t\t\t\t\t\t\t\t\t\t\t\t\t\t\t\t\t<i class=\"default\"><\/i>\r\n\t\t\t\t\t\t\t\t\t\t\t\t\t\t\t\t\t\t\t\t\t\t\t\t\t\t\t\t\t\t\t<\/a>\r\n\t\t\t\t\t\t\t\t\t\t\t\t\t\t<\/div>\r\n\t\t\t\t\t\t\t\t\t\t\t\t\t\t\t\t\t\t\t\t\t\t\t\t\t\r\n\t\t\t\t\t\t\t\t\t\t\t\t\r\n\t\t\t\t\t\t\t\t\t\t\t\t\t\t\t\t\t\t\t\t\t\t\t\r\n\t\t\t\t\t\t\t\t\t\t\t\r\n\t\t\t\t\t\t\t\t\t\t\t\t\t\t\t\t\t\t\t\t\t<\/div>\r\n\t\t\t\t\t\t\t\t\t<\/div>\r\n\t\t\t\t\t\t\t\t<\/div>\r\n\t\t\t\t\t\t\t<\/div>\r\n\t\t\t\t\t\t\t\t\t\t\t<\/div>\r\n\t\t\t\t\r\n\t\t\t\t\t\t\t\t\t<div class=\"caption post-2607 post type-post status-publish format-standard has-post-thumbnail category-ingenieriacerrado category-interdisciplinarcerrado\">\r\n\r\n\t\t\t\t\t\t\r\n\t\t\t\t\t\t\t\t\r\n\t\t\t\t\t\t\t\t\t\t\t\t\t\t\t<div class=\"title\">\r\n\t\t\t\t\t\t\t\t<span class=\"title-h5 \"><a href=\"https:\/\/inntech.uma.es\/aulaonline\/ciencias-cognitivas\/\" rel=\"bookmark\">Ciencias Cognitivas<\/a><\/span>\t\t\t\t\t\t\t<\/div>\r\n\t\t\t\t\t\t\r\n\t\t\t\t\t\t\r\n\t\t\t\t\t\t\t\t\t\t\t\t\t\t\t\t\t\t\t\t\t<div class=\"description text-body\">\r\n\t\t\t\t\t\t\t\t\t<p>Formaci\u00f3n multidisciplinar en Ciencias Cognitivas, abarcando aspectos y enfoques filos\u00f3ficos, psicol\u00f3gicos, biol\u00f3gicos, matem\u00e1ticos, y tecnol\u00f3gicos, incluyendo la inteligencia artificial y la rob\u00f3tica.<\/p>\n\t\t\t\t\t\t\t\t<\/div>\r\n\t\t\t\t\t\t\t\t\t\t\t\t\t\t\t\t\t\t<\/div>\r\n\t\t\t\t\t\t\t<\/div>\r\n\t\t\t\t<\/div>\r\n\t\t\t\t\t\t\t\t\t<\/div><!-- .portflio-set -->\n\t\t\t\t\t\t\t\t\t\t\t\t\t\t\t\t\t\t\t<div class=\"portfolio-item-size-container\">\n\t\t\t\t\t\t\t\t\t\t\t\t<div class=\"portfolio-item col-xs-12 col-sm-6 col-md-4 item-animations-not-inited before-start post-hide-categories post-hide-date post-has-author post-2607 post type-post status-publish format-standard has-post-thumbnail category-ingenieriacerrado category-interdisciplinarcerrado\">\r\n\t\t\t<\/div>\r\n\t\t\t\t\t\t\t\t\t\t<\/div>\n\t\t\t\t\t\t\t\t\t\t\t\t\t\t\t\t\t<\/div><!-- .row-->\n\n\t\t\t\t\t\t\t\t\t\t\t\t\t\t\t\t\t\t<div class=\"portfolio-navigator gem-pagination\" style=\"display:none;\">\n\t\t\t\t\t\t\t\t\t\t\t<a href=\"#\" role=\"button\" class=\"prev\" aria-label=\"Ant.\">\n\t\t\t\t\t\t\t\t\t\t\t\t\t\t\t\t\t\t\t\t\t\t\t\t\t<i class=\"default\"><\/i>\n\t\t\t\t\t\t\t\t\t\t\t\t\t\t\t\t\t\t\t\t\t\t\t<\/a>\n\t\t\t\t\t\t\t\t\t\t\t<div class=\"pages\"><\/div>\n\t\t\t\t\t\t\t\t\t\t\t<a href=\"#\" role=\"button\" class=\"next\" aria-label=\"Sig.\">\n\t\t\t\t\t\t\t\t\t\t\t\t\t\t\t\t\t\t\t\t\t\t\t\t\t<i class=\"default\"><\/i>\n\t\t\t\t\t\t\t\t\t\t\t\t\t\t\t\t\t\t\t\t\t\t\t<\/a>\n\t\t\t\t\t\t\t\t\t\t<\/div>\n\t\t\t\t\t\t\t\t\t\n\t\t\t\t\t\t\t\t\n\t\t\t\t\t<\/div><!-- .full-width -->\n\t\t\t\t<\/div><!-- .portfolio-->\n\t\t\t<\/div><!-- .portfolio-preloader-wrapper-->\n\t\t\t\t\t\t<\/div>\n\t\t\t\t<\/div>\n\t\t\t\t\t<\/div>\n\t\t<\/div>\n\t\t\t\t\t<\/div><\/div>\r\n\t\t<\/section>\r\n\t\t\t\t<\/div>\n\t\t","protected":false},"excerpt":{"rendered":"<p>Interdisciplinar INSCRIPCI\u00d3N ABIERTA Clear Filters Ciencias Cognitivas Ciencias Cognitivas Formaci\u00f3n multidisciplinar en Ciencias Cognitivas, abarcando aspectos y enfoques filos\u00f3ficos, psicol\u00f3gicos,&#8230;<\/p>\n","protected":false},"author":2,"featured_media":31,"parent":0,"menu_order":0,"comment_status":"closed","ping_status":"closed","template":"page-fullwidth.php","meta":{"footnotes":""},"class_list":["post-2436","page","type-page","status-publish","has-post-thumbnail"],"yoast_head":"<!-- This site is optimized with the Yoast SEO plugin v27.4 - https:\/\/yoast.com\/product\/yoast-seo-wordpress\/ -->\n<title>Interdisciplinar - Aula Online UMA<\/title>\n<meta name=\"robots\" content=\"index, follow, max-snippet:-1, max-image-preview:large, max-video-preview:-1\" \/>\n<link rel=\"canonical\" href=\"https:\/\/inntech.uma.es\/aulaonline\/interdisciplinar\/\" \/>\n<meta property=\"og:locale\" content=\"es_ES\" \/>\n<meta property=\"og:type\" content=\"article\" \/>\n<meta property=\"og:title\" content=\"Interdisciplinar - Aula Online UMA\" \/>\n<meta property=\"og:description\" content=\"Interdisciplinar INSCRIPCI\u00d3N ABIERTA Clear Filters Ciencias Cognitivas Ciencias Cognitivas Formaci\u00f3n multidisciplinar en Ciencias Cognitivas, abarcando aspectos y enfoques filos\u00f3ficos, psicol\u00f3gicos,...\" \/>\n<meta property=\"og:url\" content=\"https:\/\/inntech.uma.es\/aulaonline\/interdisciplinar\/\" \/>\n<meta property=\"og:site_name\" content=\"Aula Online UMA\" \/>\n<meta property=\"article:publisher\" content=\"http:\/\/www.facebook.com\/universidadmalaga\" \/>\n<meta property=\"article:modified_time\" content=\"2025-05-19T22:31:33+00:00\" \/>\n<meta property=\"og:image\" content=\"https:\/\/inntech.uma.es\/aulaonline\/wp-content\/uploads\/2025\/04\/ArteyHumanidades.png\" \/>\n\t<meta property=\"og:image:width\" content=\"500\" \/>\n\t<meta property=\"og:image:height\" content=\"500\" \/>\n\t<meta property=\"og:image:type\" content=\"image\/png\" \/>\n<meta name=\"twitter:card\" content=\"summary_large_image\" \/>\n<meta name=\"twitter:site\" content=\"@infouma\" \/>\n<meta name=\"twitter:label1\" content=\"Tiempo de lectura\" \/>\n\t<meta name=\"twitter:data1\" content=\"1 minuto\" \/>\n<script type=\"application\/ld+json\" class=\"yoast-schema-graph\">{\"@context\":\"https:\\\/\\\/schema.org\",\"@graph\":[{\"@type\":\"WebPage\",\"@id\":\"https:\\\/\\\/inntech.uma.es\\\/aulaonline\\\/interdisciplinar\\\/\",\"url\":\"https:\\\/\\\/inntech.uma.es\\\/aulaonline\\\/interdisciplinar\\\/\",\"name\":\"Interdisciplinar - Aula Online UMA\",\"isPartOf\":{\"@id\":\"https:\\\/\\\/inntech.uma.es\\\/aulaonline\\\/#website\"},\"primaryImageOfPage\":{\"@id\":\"https:\\\/\\\/inntech.uma.es\\\/aulaonline\\\/interdisciplinar\\\/#primaryimage\"},\"image\":{\"@id\":\"https:\\\/\\\/inntech.uma.es\\\/aulaonline\\\/interdisciplinar\\\/#primaryimage\"},\"thumbnailUrl\":\"https:\\\/\\\/inntech.uma.es\\\/aulaonline\\\/wp-content\\\/uploads\\\/2025\\\/04\\\/ArteyHumanidades.png\",\"datePublished\":\"2025-04-17T12:19:57+00:00\",\"dateModified\":\"2025-05-19T22:31:33+00:00\",\"breadcrumb\":{\"@id\":\"https:\\\/\\\/inntech.uma.es\\\/aulaonline\\\/interdisciplinar\\\/#breadcrumb\"},\"inLanguage\":\"es\",\"potentialAction\":[{\"@type\":\"ReadAction\",\"target\":[\"https:\\\/\\\/inntech.uma.es\\\/aulaonline\\\/interdisciplinar\\\/\"]}]},{\"@type\":\"ImageObject\",\"inLanguage\":\"es\",\"@id\":\"https:\\\/\\\/inntech.uma.es\\\/aulaonline\\\/interdisciplinar\\\/#primaryimage\",\"url\":\"https:\\\/\\\/inntech.uma.es\\\/aulaonline\\\/wp-content\\\/uploads\\\/2025\\\/04\\\/ArteyHumanidades.png\",\"contentUrl\":\"https:\\\/\\\/inntech.uma.es\\\/aulaonline\\\/wp-content\\\/uploads\\\/2025\\\/04\\\/ArteyHumanidades.png\",\"width\":500,\"height\":500},{\"@type\":\"BreadcrumbList\",\"@id\":\"https:\\\/\\\/inntech.uma.es\\\/aulaonline\\\/interdisciplinar\\\/#breadcrumb\",\"itemListElement\":[{\"@type\":\"ListItem\",\"position\":1,\"name\":\"Portada\",\"item\":\"https:\\\/\\\/inntech.uma.es\\\/aulaonline\\\/\"},{\"@type\":\"ListItem\",\"position\":2,\"name\":\"Interdisciplinar\"}]},{\"@type\":\"WebSite\",\"@id\":\"https:\\\/\\\/inntech.uma.es\\\/aulaonline\\\/#website\",\"url\":\"https:\\\/\\\/inntech.uma.es\\\/aulaonline\\\/\",\"name\":\"UMA Aula Online\",\"description\":\"\",\"publisher\":{\"@id\":\"https:\\\/\\\/inntech.uma.es\\\/aulaonline\\\/#organization\"},\"potentialAction\":[{\"@type\":\"SearchAction\",\"target\":{\"@type\":\"EntryPoint\",\"urlTemplate\":\"https:\\\/\\\/inntech.uma.es\\\/aulaonline\\\/?s={search_term_string}\"},\"query-input\":{\"@type\":\"PropertyValueSpecification\",\"valueRequired\":true,\"valueName\":\"search_term_string\"}}],\"inLanguage\":\"es\"},{\"@type\":\"Organization\",\"@id\":\"https:\\\/\\\/inntech.uma.es\\\/aulaonline\\\/#organization\",\"name\":\"Universidad de M\u00e1laga\",\"url\":\"https:\\\/\\\/inntech.uma.es\\\/aulaonline\\\/\",\"logo\":{\"@type\":\"ImageObject\",\"inLanguage\":\"es\",\"@id\":\"https:\\\/\\\/inntech.uma.es\\\/aulaonline\\\/#\\\/schema\\\/logo\\\/image\\\/\",\"url\":\"https:\\\/\\\/aulaonline.uma.es\\\/wp-content\\\/uploads\\\/2025\\\/04\\\/LogoUMA_AulaOnline-1.png\",\"contentUrl\":\"https:\\\/\\\/aulaonline.uma.es\\\/wp-content\\\/uploads\\\/2025\\\/04\\\/LogoUMA_AulaOnline-1.png\",\"width\":1000,\"height\":250,\"caption\":\"Universidad de M\u00e1laga\"},\"image\":{\"@id\":\"https:\\\/\\\/inntech.uma.es\\\/aulaonline\\\/#\\\/schema\\\/logo\\\/image\\\/\"},\"sameAs\":[\"http:\\\/\\\/www.facebook.com\\\/universidadmalaga\",\"https:\\\/\\\/x.com\\\/infouma\"]}]}<\/script>\n<!-- \/ Yoast SEO plugin. -->","yoast_head_json":{"title":"Interdisciplinar - Aula Online UMA","robots":{"index":"index","follow":"follow","max-snippet":"max-snippet:-1","max-image-preview":"max-image-preview:large","max-video-preview":"max-video-preview:-1"},"canonical":"https:\/\/inntech.uma.es\/aulaonline\/interdisciplinar\/","og_locale":"es_ES","og_type":"article","og_title":"Interdisciplinar - Aula Online UMA","og_description":"Interdisciplinar INSCRIPCI\u00d3N ABIERTA Clear Filters Ciencias Cognitivas Ciencias Cognitivas Formaci\u00f3n multidisciplinar en Ciencias Cognitivas, abarcando aspectos y enfoques filos\u00f3ficos, psicol\u00f3gicos,...","og_url":"https:\/\/inntech.uma.es\/aulaonline\/interdisciplinar\/","og_site_name":"Aula Online UMA","article_publisher":"http:\/\/www.facebook.com\/universidadmalaga","article_modified_time":"2025-05-19T22:31:33+00:00","og_image":[{"width":500,"height":500,"url":"https:\/\/inntech.uma.es\/aulaonline\/wp-content\/uploads\/2025\/04\/ArteyHumanidades.png","type":"image\/png"}],"twitter_card":"summary_large_image","twitter_site":"@infouma","twitter_misc":{"Tiempo de lectura":"1 minuto"},"schema":{"@context":"https:\/\/schema.org","@graph":[{"@type":"WebPage","@id":"https:\/\/inntech.uma.es\/aulaonline\/interdisciplinar\/","url":"https:\/\/inntech.uma.es\/aulaonline\/interdisciplinar\/","name":"Interdisciplinar - Aula Online UMA","isPartOf":{"@id":"https:\/\/inntech.uma.es\/aulaonline\/#website"},"primaryImageOfPage":{"@id":"https:\/\/inntech.uma.es\/aulaonline\/interdisciplinar\/#primaryimage"},"image":{"@id":"https:\/\/inntech.uma.es\/aulaonline\/interdisciplinar\/#primaryimage"},"thumbnailUrl":"https:\/\/inntech.uma.es\/aulaonline\/wp-content\/uploads\/2025\/04\/ArteyHumanidades.png","datePublished":"2025-04-17T12:19:57+00:00","dateModified":"2025-05-19T22:31:33+00:00","breadcrumb":{"@id":"https:\/\/inntech.uma.es\/aulaonline\/interdisciplinar\/#breadcrumb"},"inLanguage":"es","potentialAction":[{"@type":"ReadAction","target":["https:\/\/inntech.uma.es\/aulaonline\/interdisciplinar\/"]}]},{"@type":"ImageObject","inLanguage":"es","@id":"https:\/\/inntech.uma.es\/aulaonline\/interdisciplinar\/#primaryimage","url":"https:\/\/inntech.uma.es\/aulaonline\/wp-content\/uploads\/2025\/04\/ArteyHumanidades.png","contentUrl":"https:\/\/inntech.uma.es\/aulaonline\/wp-content\/uploads\/2025\/04\/ArteyHumanidades.png","width":500,"height":500},{"@type":"BreadcrumbList","@id":"https:\/\/inntech.uma.es\/aulaonline\/interdisciplinar\/#breadcrumb","itemListElement":[{"@type":"ListItem","position":1,"name":"Portada","item":"https:\/\/inntech.uma.es\/aulaonline\/"},{"@type":"ListItem","position":2,"name":"Interdisciplinar"}]},{"@type":"WebSite","@id":"https:\/\/inntech.uma.es\/aulaonline\/#website","url":"https:\/\/inntech.uma.es\/aulaonline\/","name":"UMA Aula Online","description":"","publisher":{"@id":"https:\/\/inntech.uma.es\/aulaonline\/#organization"},"potentialAction":[{"@type":"SearchAction","target":{"@type":"EntryPoint","urlTemplate":"https:\/\/inntech.uma.es\/aulaonline\/?s={search_term_string}"},"query-input":{"@type":"PropertyValueSpecification","valueRequired":true,"valueName":"search_term_string"}}],"inLanguage":"es"},{"@type":"Organization","@id":"https:\/\/inntech.uma.es\/aulaonline\/#organization","name":"Universidad de M\u00e1laga","url":"https:\/\/inntech.uma.es\/aulaonline\/","logo":{"@type":"ImageObject","inLanguage":"es","@id":"https:\/\/inntech.uma.es\/aulaonline\/#\/schema\/logo\/image\/","url":"https:\/\/aulaonline.uma.es\/wp-content\/uploads\/2025\/04\/LogoUMA_AulaOnline-1.png","contentUrl":"https:\/\/aulaonline.uma.es\/wp-content\/uploads\/2025\/04\/LogoUMA_AulaOnline-1.png","width":1000,"height":250,"caption":"Universidad de M\u00e1laga"},"image":{"@id":"https:\/\/inntech.uma.es\/aulaonline\/#\/schema\/logo\/image\/"},"sameAs":["http:\/\/www.facebook.com\/universidadmalaga","https:\/\/x.com\/infouma"]}]}},"_links":{"self":[{"href":"https:\/\/inntech.uma.es\/aulaonline\/wp-json\/wp\/v2\/pages\/2436","targetHints":{"allow":["GET"]}}],"collection":[{"href":"https:\/\/inntech.uma.es\/aulaonline\/wp-json\/wp\/v2\/pages"}],"about":[{"href":"https:\/\/inntech.uma.es\/aulaonline\/wp-json\/wp\/v2\/types\/page"}],"author":[{"embeddable":true,"href":"https:\/\/inntech.uma.es\/aulaonline\/wp-json\/wp\/v2\/users\/2"}],"replies":[{"embeddable":true,"href":"https:\/\/inntech.uma.es\/aulaonline\/wp-json\/wp\/v2\/comments?post=2436"}],"version-history":[{"count":25,"href":"https:\/\/inntech.uma.es\/aulaonline\/wp-json\/wp\/v2\/pages\/2436\/revisions"}],"predecessor-version":[{"id":2969,"href":"https:\/\/inntech.uma.es\/aulaonline\/wp-json\/wp\/v2\/pages\/2436\/revisions\/2969"}],"wp:featuredmedia":[{"embeddable":true,"href":"https:\/\/inntech.uma.es\/aulaonline\/wp-json\/wp\/v2\/media\/31"}],"wp:attachment":[{"href":"https:\/\/inntech.uma.es\/aulaonline\/wp-json\/wp\/v2\/media?parent=2436"}],"curies":[{"name":"wp","href":"https:\/\/api.w.org\/{rel}","templated":true}]}}